{"id":582,"date":"2022-06-15T10:33:12","date_gmt":"2022-06-15T08:33:12","guid":{"rendered":"https:\/\/pow-ksiazki.pl\/?page_id=582"},"modified":"2023-12-07T11:11:28","modified_gmt":"2023-12-07T10:11:28","slug":"klauzula-informacyjna","status":"publish","type":"page","link":"https:\/\/pow-ksiazki.pl\/?page_id=582","title":{"rendered":"Klauzula Informacyjna"},"content":{"rendered":"<p style=\"text-align: center;\"><strong>KLAUZULA INFORMACYJNA <\/strong><strong>OG\u00d3LNA<\/strong><\/p>\n<p style=\"text-align: justify;\">Zgodnie z art. 13 ust. 1 i 2 Rozporz\u0105dzenia Parlamentu Europejskiego i Rady (UE) 2016\/679 z dnia 27 kwietnia 2016 r. w sprawie ochrony os\u00f3b fizycznych w zwi\u0105zku przetwarzaniem danych osobowych i w sprawie swobodnego przep\u0142ywu takich danych oraz uchylenia dyrektywy 95\/46\/W \u2013 og\u00f3lne rozporz\u0105dzenie o ochronie danych, informujemy, i\u017c:<\/p>\n<p style=\"text-align: justify;\">Administratorem Twoich danych osobowych b\u0119dzie\u00a0<strong>Dyrektor Palc\u00f3wki.<\/strong>\u00a0Mo\u017cesz si\u0119 z nim kontaktowa\u0107 w nast\u0119puj\u0105cy spos\u00f3b: listownie na adres siedziby: Plac\u00f3wka Opieku\u0144czo-Wychowawcza w Ksi\u0105\u017ckach, ul. P\u00f3\u0142nocna 36, 87-222 Ksi\u0105\u017cki<strong>,\u00a0<\/strong>mailowo: e-mail:\u00a0<a href=\"mailto:dyrektor@pow.wabrzezno.pl\">dyrektor@pow.wabrzezno.pl<\/a>\u00a0.<\/p>\n<p style=\"text-align: justify;\">Do kontakt\u00f3w w sprawie ochrony Twoich danych osobowych zosta\u0142 tak\u017ce powo\u0142any inspektor ochrony danych, jest nim Paula Klugiewicz \u2013 z kt\u00f3rym mo\u017cesz si\u0119 kontaktowa\u0107 wysy\u0142aj\u0105c e-mail na adres:\u00a0<a href=\"mailto:p.klugieiwcz@jumi2012.pl\">p.klugieiwcz@jumi2012.pl<\/a>.<\/p>\n<ol style=\"text-align: justify;\">\n<li>Twoje dane osobowe przetwarzane b\u0119d\u0105 na podstawie:<\/li>\n<li>6 ust. 1 lit c RODO w celu wykonania obowi\u0105zk\u00f3w prawnych ci\u0105\u017c\u0105cych na administratorze wynikaj\u0105ce z zada\u0144 okre\u015blonych w przepisach szczeg\u00f3lnych jakim jest w szczeg\u00f3lno\u015bci ustawa z dnia 5 czerwca 1998 r. o samorz\u0105dzie powiatowym (Dz.U. 2019 poz. 511), kt\u00f3ra w Rozdziale 2 okre\u015bla zakres dzia\u0142ania i zadania powiatu. Dzia\u0142aniami takimi jest np.: wydania decyzji administracyjnej, postanowienia lub za\u015bwiadczenia, edukacja publiczna, ochrona \u015brodowiska, zdrowia, porz\u0105dku publicznego itp.<\/li>\n<li>6 ust. lit. b RODO w celu zawarcia i wykonania umowy,<\/li>\n<li>6 ust. 1 lit. d RODO, kiedy przetwarzanie danych osobowych jest niezb\u0119dne do ochrony \u017cywotnych interes\u00f3w osoby, np.: kiedy osoba nie mo\u017ce sama podj\u0105\u0107 dzia\u0142ania, a w jej dobrze poj\u0119tym interesie konieczne jest przetwarzanie jej danych lub kiedy nie wie, \u017ce jest do czego\u015b uprawniona,<\/li>\n<li>6 ust. 1 lit e RODO, kiedy dane s\u0105 niezb\u0119dne do wykonywania zada\u0144 realizowanym przez administratora w interesie publicznym. Przetwarzanie danych osobowych jednak\u017ce musi mie\u0107 tu tak\u017ce swoje oparcie w ustawach na podstawie, kt\u00f3rych dzia\u0142a administrator, s\u0105 to np.: przedsi\u0119wzi\u0119cia o charakterze kulturalnym, sportowym, rekreacyjnym, ale te\u017c ochrona zdrowia o o\u015bwiata.<\/li>\n<li>6 ust. 1 lit a RODO na podstawie zgody. Zgoda jest wymagana, gdy uprawnienie do przetwarzania danych osobowych nie wynika wprost z przepis\u00f3w prawa, np. podanie nr telefonu, adresu e-mail.<\/li>\n<li>Twoje dane osobowe administrator mo\u017ce ujawnia\u0107 odbiorcom, kt\u00f3rymi s\u0105 m.in.: podmioty \u015bwiadcz\u0105ce us\u0142ugi telekomunikacyjne, pocztowe, bankowe, ubezpieczeniowe, jednostki organizacyjne administratora, kt\u00f3re b\u0119d\u0105 realizowa\u0107 jego ustawowe zadania, s\u0105dy, organy \u015bcigania, podatkowe, notariusze, radcowie prawni, podmioty kontroluj\u0105ce administratora oraz inne podmioty uprawnione do uzyskania Twoich danych osobowych, ale wy\u0142\u0105cznie na podstawie obowi\u0105zuj\u0105cych przepis\u00f3w. Twoja dane osobowe tak\u017ce b\u0119d\u0105 ujawnione pracownikom i wsp\u00f3\u0142pracownikom administratora w zakresie niezb\u0119dnym do wykonywania przez nich obowi\u0105zk\u00f3w.<\/li>\n<\/ol>\n<p style=\"text-align: justify;\">Twoje dane osobowe mo\u017cemy tak\u017ce przekazywa\u0107 podmiotom, kt\u00f3re przetwarzaj\u0105 je na zlecenie administratora tzw. podmiotom przetwarzaj\u0105cym, s\u0105 nimi np.: podmioty \u015bwiadcz\u0105ce us\u0142ugi informatyczne oraz inne wykonuj\u0105ce wyspecjalizowane us\u0142ugi, jednak\u017ce przekazanie Twoich danych nast\u0105pi\u0107 mo\u017ce tylko wtedy, gdy zapewni\u0105 one odpowiedni\u0105 ochron\u0119 Twoich praw.<\/p>\n<ol>\n<li style=\"text-align: justify;\">Twoje dane osobowe przetwarzane b\u0119d\u0105 do czasu istnienia podstawy do ich przetwarzania, w tym r\u00f3wnie\u017c przez okres przewidziany w przepisach dotycz\u0105cych przechowywania i archiwizacji dokumentacji i tak:<\/li>\n<li style=\"text-align: justify;\">od 5 do 10 lat od dnia wykonania ostatniej czynno\u015bci zwi\u0105zanej z przetwarzaniem danych osobowych, w zale\u017cno\u015bci jednak tego czego dotyczy\u0142a czynno\u015b\u0107 np.: decyzje, postanowienia, rozpatrzenie skargi, dokumentacja finansowa, wykonywanie um\u00f3w i inne,<\/li>\n<li style=\"text-align: justify;\">do przedawnienia roszcze\u0144,<\/li>\n<li style=\"text-align: justify;\">w zakresie danych, gdzie wyrazi\u0142e\u015b zgod\u0119 na ich przetwarzanie, do czasu cofni\u0119cie zgody, nie d\u0142u\u017cej jednak ni\u017c do czasu, do czasu wskazanego w ppkt. 1.<\/li>\n<li style=\"text-align: justify;\">W zwi\u0105zku z przetwarzaniem danych osobowych przez Administratora masz prawo do:<\/li>\n<li style=\"text-align: justify;\">dost\u0119pu do tre\u015bci danych na podstawie art. 15 RODO;<\/li>\n<li style=\"text-align: justify;\">sprostowania danych na podstawie art. 16 RODO;<\/li>\n<li style=\"text-align: justify;\">usuni\u0119cia danych na podstawie art. 17 RODO, je\u017celi:<\/li>\n<li style=\"text-align: justify;\">wycofasz zgod\u0119 na przetwarzanie danych osobowych;<\/li>\n<li style=\"text-align: justify;\">dane osobowe przestan\u0105 by\u0107 niezb\u0119dne do cel\u00f3w, w kt\u00f3rych zosta\u0142y zebrane lub w kt\u00f3rych by\u0142y przetwarzane;<\/li>\n<li style=\"text-align: justify;\">dane s\u0105 przetwarzane niezgodnie z prawem;<\/li>\n<li style=\"text-align: justify;\">ograniczenia przetwarzania danych na podstawie art. 18 RODO, je\u017celi:<\/li>\n<li style=\"text-align: justify;\">osoba, kt\u00f3rej dane dotycz\u0105, kwestionuje prawid\u0142owo\u015b\u0107 danych osobowych;<\/li>\n<li style=\"text-align: justify;\">przetwarzanie jest niezgodne z prawem, a osoba, kt\u00f3rej dane dotycz\u0105, sprzeciwia si\u0119 usuni\u0119ciu danych osobowych, \u017c\u0105daj\u0105c w zamian ograniczenia ich wykorzystywania;<\/li>\n<li style=\"text-align: justify;\">administrator nie potrzebuje ju\u017c danych osobowych do cel\u00f3w przetwarzania, ale s\u0105 one potrzebne osobie, kt\u00f3rej dane dotycz\u0105, do ustalenia, dochodzenia lub obrony roszcze\u0144;<\/li>\n<li style=\"text-align: justify;\">osoba, kt\u00f3rej dane dotycz\u0105, wnios\u0142a sprzeciw wobec przetwarzania \u2013 do czasu stwierdzenia, czy prawnie uzasadnione podstawy po stronie administratora s\u0105 nadrz\u0119dne wobec podstaw sprzeciwu osoby, kt\u00f3rej dane dotycz\u0105;<\/li>\n<li style=\"text-align: justify;\">wniesienia sprzeciwu wobec przetwarzania danych na podstawie art. 21 RODO, wobec przetwarzania danych osobowych opartego na art. 6 ust. 1 lit. e RODO;<\/li>\n<li style=\"text-align: justify;\">cofni\u0119cia zgody w dowolnym momencie. Cofni\u0119cie zgody nie wp\u0142ywa na przetwarzanie danych dokonywane przez administratora przed jej cofni\u0119ciem.<\/li>\n<li style=\"text-align: justify;\">Podanie Twoich danych:<\/li>\n<li style=\"text-align: justify;\">jest wymogiem ustawy na podstawie, kt\u00f3rych dzia\u0142a administrator. Je\u017celi odm\u00f3wisz podania Twoich danych lub podasz nieprawid\u0142owe dane, administrator nie b\u0119dzie m\u00f3g\u0142 zrealizowa\u0107 celu do jakiego zobowi\u0105zuj\u0105 go przepisy prawa,<\/li>\n<li style=\"text-align: justify;\">jest warunkiem zawarcia umowy. Je\u017celi nie podasz nam swoich danych osobowych nie b\u0119dziemy mogli zawrze\u0107 i realizowa\u0107 z Tob\u0105 umowy,<\/li>\n<li style=\"text-align: justify;\">jest dobrowolne i odbywa si\u0119 na podstawie Twojej zgody, kt\u00f3ra mo\u017ce by\u0107 cofni\u0119ta w dowolnym momencie<\/li>\n<li style=\"text-align: justify;\">Przys\u0142uguje Ci tak\u017ce skarga do organu do organu nadzorczego \u2013 Prezesa Urz\u0119du Ochrony Danych Osobowych, gdy uznasz, i\u017c przetwarzanie Twoich danych osobowych narusza przepisy og\u00f3lnego rozporz\u0105dzenia o ochronie danych osobowych z dnia 27 kwietnia 2016 r.<\/li>\n<li style=\"text-align: justify;\">Twoje dane nie b\u0119d\u0105 przetwarzane w spos\u00f3b zautomatyzowany, w tym r\u00f3wnie\u017c w formie profilowania.<\/li>\n<li style=\"text-align: justify;\">Administrator nie przekazuje danych osobowych do pa\u0144stwa trzeciego lub organizacji mi\u0119dzynarodowych.<\/li>\n<\/ol>\n<p><a href=\"https:\/\/pow-ksiazki.pl\/wp-content\/uploads\/2023\/12\/KLAUZULA-INORMACYJNA-obsluga-korespondencji-przy-uzyciu-elektronicznej-skrzynki-podawczej.pdf\">KLAUZULA INORMACYJNA obs\u0142uga korespondencji przy u\u017cyciu elektronicznej skrzynki podawczej<\/a><\/p>\n","protected":false},"excerpt":{"rendered":"<p>KLAUZULA INFORMACYJNA OG\u00d3LNA Zgodnie z art. 13 ust. 1 i 2 Rozporz\u0105dzenia Parlamentu Europejskiego i Rady (UE) 2016\/679 z dnia 27 kwietnia 2016 r. w sprawie ochrony os\u00f3b fizycznych w zwi\u0105zku przetwarzaniem danych osobowych i w sprawie swobodnego przep\u0142ywu takich danych oraz uchylenia dyrektywy 95\/46\/W \u2013 og\u00f3lne rozporz\u0105dzenie o ochronie danych, informujemy, i\u017c: Administratorem Twoich [&hellip;]<\/p>\n","protected":false},"author":1,"featured_media":0,"parent":0,"menu_order":0,"comment_status":"closed","ping_status":"closed","template":"","meta":{"footnotes":""},"class_list":["post-582","page","type-page","status-publish","hentry"],"_links":{"self":[{"href":"https:\/\/pow-ksiazki.pl\/index.php?rest_route=\/wp\/v2\/pages\/582","targetHints":{"allow":["GET"]}}],"collection":[{"href":"https:\/\/pow-ksiazki.pl\/index.php?rest_route=\/wp\/v2\/pages"}],"about":[{"href":"https:\/\/pow-ksiazki.pl\/index.php?rest_route=\/wp\/v2\/types\/page"}],"author":[{"embeddable":true,"href":"https:\/\/pow-ksiazki.pl\/index.php?rest_route=\/wp\/v2\/users\/1"}],"replies":[{"embeddable":true,"href":"https:\/\/pow-ksiazki.pl\/index.php?rest_route=%2Fwp%2Fv2%2Fcomments&post=582"}],"version-history":[{"count":2,"href":"https:\/\/pow-ksiazki.pl\/index.php?rest_route=\/wp\/v2\/pages\/582\/revisions"}],"predecessor-version":[{"id":1625,"href":"https:\/\/pow-ksiazki.pl\/index.php?rest_route=\/wp\/v2\/pages\/582\/revisions\/1625"}],"wp:attachment":[{"href":"https:\/\/pow-ksiazki.pl\/index.php?rest_route=%2Fwp%2Fv2%2Fmedia&parent=582"}],"curies":[{"name":"wp","href":"https:\/\/api.w.org\/{rel}","templated":true}]}}